{"id":2169,"date":"2018-08-21T15:55:12","date_gmt":"2018-08-21T13:55:12","guid":{"rendered":"https:\/\/www.regisseurs.ch\/politique-de-confidentialite\/"},"modified":"2018-10-25T16:45:20","modified_gmt":"2018-10-25T14:45:20","slug":"privacy-policy","status":"publish","type":"page","link":"https:\/\/www.regisseurs.ch\/en\/privacy-policy\/","title":{"rendered":"Privacy Policy"},"content":{"rendered":"<p>Le site <a href=\"http:\/\/www.regisseurs.ch\">www.regisseurs.ch<\/a> est la propri\u00e9t\u00e9 de la soci\u00e9t\u00e9 Les R\u00e9gisseurs Associ\u00e9s SA<\/p>\n<p>Si\u00e8ge social\u00a0:<br \/>\nRue Maunoir 13, 1207 Gen\u00e8ve<br \/>\nT\u00e9l\u00e9phone\u00a0: +41 (0)22 787 50 00<br \/>\nEmail\u00a0: info@regisseurs.ch<\/p>\n<h2>CONDITIONS D\u2019UTILISATION<\/h2>\n<p>L\u2019acc\u00e8s \u00e0 ce Site Internet et son affectation sont r\u00e9gis par les conditions expos\u00e9es ci-dessous et par l\u2019ensemble des lois applicables. En consultant ce Site, vous acceptez, sans restreinte ni r\u00e9serve, les mentions juridiques et les conditions d&#8217;utilisation s&#8217;y r\u00e9f\u00e9rant.<\/p>\n<h2>RESPONSABILIT\u00c9\u00a0| MENTION LEGALES<\/h2>\n<p>Les informations publi\u00e9es et les donn\u00e9es contenues sur notre Site Internet sont transmises \u00e0 titre d\u2019information, elles ne constituent pas une offre contractuelle et n\u2019engagent ni nous-m\u00eames, ni nos clients, de quelque mani\u00e8re que ce soit.<\/p>\n<p>Dans la mesure du possible, Les R\u00e9gisseurs Associ\u00e9s SA\u00a0s\u2019engage \u00e0 ce que les informations publi\u00e9es sur ce Site Internet soient exactes et actualis\u00e9es de mani\u00e8re r\u00e9guli\u00e8re, et se r\u00e9serve le droit de corriger le contenu \u00e0 tout moment sans avis \u00e0 ce sujet.<\/p>\n<p>Par ailleurs,\u00a0Les R\u00e9gisseurs Associ\u00e9s SA\u00a0 ne peut garantir l\u2019exactitude, l\u2019int\u00e9gralit\u00e9 et la pr\u00e9cision des informations mises \u00e0 disposition sur ce Site Internet.<\/p>\n<p>L\u2019utilisateur s\u2019engage \u00e0 en faire un usage exclusivement priv\u00e9 et \u00e0 ne pas copier, publier ou rendre accessible, d\u2019une quelconque mani\u00e8re, les donn\u00e9es et\/ou informations fournies, ni \u00e0 les distribuer \u00e0 des fins commerciales.<\/p>\n<p>Les R\u00e9gisseurs Associ\u00e9s SA\u00a0d\u00e9cline toute responsabilit\u00e9 pour toute coupure de service li\u00e9e au Site internet et ce, quelle qu\u2019en soit la raison.<\/p>\n<h2>PROTECTION DES INFORMATIONS PERSONNELLES<\/h2>\n<p>Les R\u00e9gisseurs Associ\u00e9s SA\u00a0accorde la plus grande importance au respect de votre sph\u00e8re priv\u00e9e et au traitement de vos donn\u00e9es personnelles.<\/p>\n<p>Les donn\u00e9es personnelles que vous nous transmettez sont trait\u00e9es conform\u00e9ment aux dispositions de la l\u00e9gislation f\u00e9d\u00e9rale suisse sur la protection des donn\u00e9es. Les donn\u00e9es transmises \u00e0 Les R\u00e9gisseurs Associ\u00e9s SA peuvent \u00eatre utilis\u00e9es \u00e0 des fins de marketing et d\u2019analyse.<\/p>\n<p>Les R\u00e9gisseurs Associ\u00e9s SA\u00a0s\u2019engage \u00e0 maintenir la confidentialit\u00e9 de toutes les informations que vous pourriez lui communiquer en ligne. Ainsi, vous disposez d\u2019un droit d\u2019acc\u00e8s, de modification et de suppression relatif \u00e0 toutes vos informations personnelles, droit que vous pouvez exercer \u00e0 tout moment par l\u2019envoi d\u2019un courrier \u00e0 l\u2019adresse\u00a0de Les R\u00e9gisseurs Associ\u00e9s\u00a0ou par mail \u00e0 l\u2019adresse info@regisseurs.ch.<\/p>\n<h2>PUBLICATION \/ NEWSLETTERS<\/h2>\n<p>En vous inscrivant aux publications et\/ou newsletters de Les R\u00e9gisseurs Associ\u00e9s SA, vous acceptez recevoir des informations de nature publicitaire ou autre par courrier \u00e9lectronique de notre part. Lors de votre inscription les donn\u00e9es personnelles ne sont utilis\u00e9es que dans le but de\u00a0faciliter, renforcer et personnaliser notre communication. Ces donn\u00e9es ne sont pas communiqu\u00e9es ou c\u00e9d\u00e9es \u00e0 des tiers. Si vous ne souhaitez plus recevoir les publications et\/ou newsletters de Les R\u00e9gisseurs Associ\u00e9s, vous pouvez \u00e0 tout moment vous d\u00e9sabonner.<\/p>\n<h2>LIENS<\/h2>\n<p>Les R\u00e9gisseurs Associ\u00e9s SA peut fournir sur le Site Internet des liens menant vers d\u2019autres sites, l\u2019int\u00e9gration de tels liens \u00e9tant pr\u00e9vue \u00e0 titre de service uniquement.\u00a0Les R\u00e9gisseurs Associ\u00e9s SA\u00a0n\u2019effectue aucune d\u00e9claration et d\u00e9cline toute forme de garantie expresse ou tacite quant \u00e0 l\u2019exactitude, la validit\u00e9, l\u2019ad\u00e9quation, la l\u00e9galit\u00e9 ou toute autre caract\u00e9ristique des \u00e9l\u00e9ments ou informations pr\u00e9sents sur de tels sites.<\/p>\n","protected":false},"excerpt":{"rendered":"<p>Le site www.regisseurs.ch est la propri\u00e9t\u00e9 de la soci\u00e9t\u00e9 Les R\u00e9gisseurs Associ\u00e9s SA Si\u00e8ge social\u00a0: Rue Maunoir 13, 1207 Gen\u00e8ve T\u00e9l\u00e9phone\u00a0: +41 (0)22 787 50 00 Email\u00a0: info@regisseurs.ch CONDITIONS D\u2019UTILISATION L\u2019acc\u00e8s \u00e0 ce Site Internet et son affectation sont r\u00e9gis par les conditions expos\u00e9es ci-dessous et par l\u2019ensemble des lois applicables. En consultant ce Site, [&hellip;]<\/p>\n","protected":false},"author":1,"featured_media":0,"parent":0,"menu_order":0,"comment_status":"closed","ping_status":"closed","template":"page-alt.php","meta":{"_acf_changed":false,"footnotes":""},"class_list":["post-2169","page","type-page","status-publish","hentry"],"acf":[],"yoast_head":"<!-- This site is optimized with the Yoast SEO plugin v26.5 - https:\/\/yoast.com\/wordpress\/plugins\/seo\/ -->\n<title>Privacy Policy | Les R\u00e9gisseurs Associ\u00e9s SA<\/title>\n<meta name=\"robots\" content=\"noindex, nofollow\" \/>\n<meta property=\"og:locale\" content=\"en_US\" \/>\n<meta property=\"og:type\" content=\"article\" \/>\n<meta property=\"og:title\" content=\"Privacy Policy | Les R\u00e9gisseurs Associ\u00e9s SA\" \/>\n<meta property=\"og:description\" content=\"Le site www.regisseurs.ch est la propri\u00e9t\u00e9 de la soci\u00e9t\u00e9 Les R\u00e9gisseurs Associ\u00e9s SA Si\u00e8ge social\u00a0: Rue Maunoir 13, 1207 Gen\u00e8ve T\u00e9l\u00e9phone\u00a0: +41 (0)22 787 50 00 Email\u00a0: info@regisseurs.ch CONDITIONS D\u2019UTILISATION L\u2019acc\u00e8s \u00e0 ce Site Internet et son affectation sont r\u00e9gis par les conditions expos\u00e9es ci-dessous et par l\u2019ensemble des lois applicables. En consultant ce Site, [&hellip;]\" \/>\n<meta property=\"og:url\" content=\"https:\/\/www.regisseurs.ch\/en\/privacy-policy\/\" \/>\n<meta property=\"og:site_name\" content=\"Les R\u00e9gisseurs Associ\u00e9s SA\" \/>\n<meta property=\"article:publisher\" content=\"https:\/\/www.facebook.com\/lesregisseursassociesSA\/\" \/>\n<meta property=\"article:modified_time\" content=\"2018-10-25T14:45:20+00:00\" \/>\n<meta name=\"twitter:card\" content=\"summary_large_image\" \/>\n<meta name=\"twitter:site\" content=\"@regisseurs_ch\" \/>\n<meta name=\"twitter:label1\" content=\"Est. reading time\" \/>\n\t<meta name=\"twitter:data1\" content=\"3 minutes\" \/>\n<script type=\"application\/ld+json\" class=\"yoast-schema-graph\">{\"@context\":\"https:\/\/schema.org\",\"@graph\":[{\"@type\":\"WebPage\",\"@id\":\"https:\/\/www.regisseurs.ch\/en\/privacy-policy\/\",\"url\":\"https:\/\/www.regisseurs.ch\/en\/privacy-policy\/\",\"name\":\"Privacy Policy | Les R\u00e9gisseurs Associ\u00e9s SA\",\"isPartOf\":{\"@id\":\"https:\/\/www.regisseurs.ch\/#website\"},\"datePublished\":\"2018-08-21T13:55:12+00:00\",\"dateModified\":\"2018-10-25T14:45:20+00:00\",\"breadcrumb\":{\"@id\":\"https:\/\/www.regisseurs.ch\/en\/privacy-policy\/#breadcrumb\"},\"inLanguage\":\"en-US\",\"potentialAction\":[{\"@type\":\"ReadAction\",\"target\":[\"https:\/\/www.regisseurs.ch\/en\/privacy-policy\/\"]}]},{\"@type\":\"BreadcrumbList\",\"@id\":\"https:\/\/www.regisseurs.ch\/en\/privacy-policy\/#breadcrumb\",\"itemListElement\":[{\"@type\":\"ListItem\",\"position\":1,\"name\":\"Accueil\",\"item\":\"https:\/\/www.regisseurs.ch\/en\/\"},{\"@type\":\"ListItem\",\"position\":2,\"name\":\"Privacy Policy\"}]},{\"@type\":\"WebSite\",\"@id\":\"https:\/\/www.regisseurs.ch\/#website\",\"url\":\"https:\/\/www.regisseurs.ch\/\",\"name\":\"Les R\u00e9gisseurs Associ\u00e9s SA\",\"description\":\"Associ\u00e9s en toute confiance\",\"publisher\":{\"@id\":\"https:\/\/www.regisseurs.ch\/#organization\"},\"potentialAction\":[{\"@type\":\"SearchAction\",\"target\":{\"@type\":\"EntryPoint\",\"urlTemplate\":\"https:\/\/www.regisseurs.ch\/?s={search_term_string}\"},\"query-input\":{\"@type\":\"PropertyValueSpecification\",\"valueRequired\":true,\"valueName\":\"search_term_string\"}}],\"inLanguage\":\"en-US\"},{\"@type\":\"Organization\",\"@id\":\"https:\/\/www.regisseurs.ch\/#organization\",\"name\":\"Les R\u00e9gisseurs SA\",\"url\":\"https:\/\/www.regisseurs.ch\/\",\"logo\":{\"@type\":\"ImageObject\",\"inLanguage\":\"en-US\",\"@id\":\"https:\/\/www.regisseurs.ch\/#\/schema\/logo\/image\/\",\"url\":\"https:\/\/www.regisseurs.ch\/wp-content\/uploads\/2018\/09\/logo_regisseurs_sa.jpg\",\"contentUrl\":\"https:\/\/www.regisseurs.ch\/wp-content\/uploads\/2018\/09\/logo_regisseurs_sa.jpg\",\"width\":3543,\"height\":1772,\"caption\":\"Les R\u00e9gisseurs SA\"},\"image\":{\"@id\":\"https:\/\/www.regisseurs.ch\/#\/schema\/logo\/image\/\"},\"sameAs\":[\"https:\/\/www.facebook.com\/lesregisseursassociesSA\/\",\"https:\/\/x.com\/regisseurs_ch\",\"https:\/\/www.instagram.com\/regisseurs.ch\/\",\"https:\/\/www.linkedin.com\/company\/lesregisseursassocies\/\",\"https:\/\/www.youtube.com\/watch?v=0DmCN15nv_o&amp;amp;t=1s\"]}]}<\/script>\n<!-- \/ Yoast SEO plugin. -->","yoast_head_json":{"title":"Privacy Policy | Les R\u00e9gisseurs Associ\u00e9s SA","robots":{"index":"noindex","follow":"nofollow"},"og_locale":"en_US","og_type":"article","og_title":"Privacy Policy | Les R\u00e9gisseurs Associ\u00e9s SA","og_description":"Le site www.regisseurs.ch est la propri\u00e9t\u00e9 de la soci\u00e9t\u00e9 Les R\u00e9gisseurs Associ\u00e9s SA Si\u00e8ge social\u00a0: Rue Maunoir 13, 1207 Gen\u00e8ve T\u00e9l\u00e9phone\u00a0: +41 (0)22 787 50 00 Email\u00a0: info@regisseurs.ch CONDITIONS D\u2019UTILISATION L\u2019acc\u00e8s \u00e0 ce Site Internet et son affectation sont r\u00e9gis par les conditions expos\u00e9es ci-dessous et par l\u2019ensemble des lois applicables. En consultant ce Site, [&hellip;]","og_url":"https:\/\/www.regisseurs.ch\/en\/privacy-policy\/","og_site_name":"Les R\u00e9gisseurs Associ\u00e9s SA","article_publisher":"https:\/\/www.facebook.com\/lesregisseursassociesSA\/","article_modified_time":"2018-10-25T14:45:20+00:00","twitter_card":"summary_large_image","twitter_site":"@regisseurs_ch","twitter_misc":{"Est. reading time":"3 minutes"},"schema":{"@context":"https:\/\/schema.org","@graph":[{"@type":"WebPage","@id":"https:\/\/www.regisseurs.ch\/en\/privacy-policy\/","url":"https:\/\/www.regisseurs.ch\/en\/privacy-policy\/","name":"Privacy Policy | Les R\u00e9gisseurs Associ\u00e9s SA","isPartOf":{"@id":"https:\/\/www.regisseurs.ch\/#website"},"datePublished":"2018-08-21T13:55:12+00:00","dateModified":"2018-10-25T14:45:20+00:00","breadcrumb":{"@id":"https:\/\/www.regisseurs.ch\/en\/privacy-policy\/#breadcrumb"},"inLanguage":"en-US","potentialAction":[{"@type":"ReadAction","target":["https:\/\/www.regisseurs.ch\/en\/privacy-policy\/"]}]},{"@type":"BreadcrumbList","@id":"https:\/\/www.regisseurs.ch\/en\/privacy-policy\/#breadcrumb","itemListElement":[{"@type":"ListItem","position":1,"name":"Accueil","item":"https:\/\/www.regisseurs.ch\/en\/"},{"@type":"ListItem","position":2,"name":"Privacy Policy"}]},{"@type":"WebSite","@id":"https:\/\/www.regisseurs.ch\/#website","url":"https:\/\/www.regisseurs.ch\/","name":"Les R\u00e9gisseurs Associ\u00e9s SA","description":"Associ\u00e9s en toute confiance","publisher":{"@id":"https:\/\/www.regisseurs.ch\/#organization"},"potentialAction":[{"@type":"SearchAction","target":{"@type":"EntryPoint","urlTemplate":"https:\/\/www.regisseurs.ch\/?s={search_term_string}"},"query-input":{"@type":"PropertyValueSpecification","valueRequired":true,"valueName":"search_term_string"}}],"inLanguage":"en-US"},{"@type":"Organization","@id":"https:\/\/www.regisseurs.ch\/#organization","name":"Les R\u00e9gisseurs SA","url":"https:\/\/www.regisseurs.ch\/","logo":{"@type":"ImageObject","inLanguage":"en-US","@id":"https:\/\/www.regisseurs.ch\/#\/schema\/logo\/image\/","url":"https:\/\/www.regisseurs.ch\/wp-content\/uploads\/2018\/09\/logo_regisseurs_sa.jpg","contentUrl":"https:\/\/www.regisseurs.ch\/wp-content\/uploads\/2018\/09\/logo_regisseurs_sa.jpg","width":3543,"height":1772,"caption":"Les R\u00e9gisseurs SA"},"image":{"@id":"https:\/\/www.regisseurs.ch\/#\/schema\/logo\/image\/"},"sameAs":["https:\/\/www.facebook.com\/lesregisseursassociesSA\/","https:\/\/x.com\/regisseurs_ch","https:\/\/www.instagram.com\/regisseurs.ch\/","https:\/\/www.linkedin.com\/company\/lesregisseursassocies\/","https:\/\/www.youtube.com\/watch?v=0DmCN15nv_o&amp;amp;t=1s"]}]}},"_links":{"self":[{"href":"https:\/\/www.regisseurs.ch\/en\/wp-json\/wp\/v2\/pages\/2169","targetHints":{"allow":["GET"]}}],"collection":[{"href":"https:\/\/www.regisseurs.ch\/en\/wp-json\/wp\/v2\/pages"}],"about":[{"href":"https:\/\/www.regisseurs.ch\/en\/wp-json\/wp\/v2\/types\/page"}],"author":[{"embeddable":true,"href":"https:\/\/www.regisseurs.ch\/en\/wp-json\/wp\/v2\/users\/1"}],"replies":[{"embeddable":true,"href":"https:\/\/www.regisseurs.ch\/en\/wp-json\/wp\/v2\/comments?post=2169"}],"version-history":[{"count":1,"href":"https:\/\/www.regisseurs.ch\/en\/wp-json\/wp\/v2\/pages\/2169\/revisions"}],"predecessor-version":[{"id":2170,"href":"https:\/\/www.regisseurs.ch\/en\/wp-json\/wp\/v2\/pages\/2169\/revisions\/2170"}],"wp:attachment":[{"href":"https:\/\/www.regisseurs.ch\/en\/wp-json\/wp\/v2\/media?parent=2169"}],"curies":[{"name":"wp","href":"https:\/\/api.w.org\/{rel}","templated":true}]}}