{"id":2132,"date":"2018-09-03T23:17:35","date_gmt":"2018-09-03T21:17:35","guid":{"rendered":"https:\/\/www.regisseurs.ch\/contact\/"},"modified":"2024-07-30T17:15:03","modified_gmt":"2024-07-30T15:15:03","slug":"contact","status":"publish","type":"page","link":"https:\/\/www.regisseurs.ch\/en\/contact\/","title":{"rendered":"Contact"},"content":{"rendered":"<p><strong>Les R\u00e9gisseurs Associ\u00e9s S.A.<\/strong><\/p>\n<p>Rue Maunoir 13<br \/>\nCH &#8211; 1207 Gen\u00e8ve<br \/>\n<em><a href=\"https:\/\/www.google.ch\/maps\/place\/Rue+Maunoir+13,+1207+Gen%C3%A8ve\/data=!4m2!3m1!1s0x478c6536ffc9e0f9:0x6cc6ffe6116de700?sa=X&amp;ved=2ahUKEwiA5POw0NPdAhXJA8AKHdCKA5sQ8gEwAHoECAAQAQ\" target=\"_blank\" rel=\"noopener\">See on a map<\/a><\/em><\/p>\n<p>T\u00e9l <a href=\"tel:0041227875000\">+41 (0)22 787 50 00<\/a><br \/>\n<a href=\"mailto:info@regisseurs.ch\">info@regisseurs.ch<\/a><\/p>\n<p><strong>Our opening hours:<\/strong><\/p>\n<p>Monday to Thursday<br \/>\n8 a.m. \u2013 12 p.m. \/ 2 p.m. \u2013 5:30 p.m.<\/p>\n<p>Friday<br \/>\n8 a.m. \u2013 12 p.m. \/ 2 p.m. \u2013 4 p.m.<\/p>\n","protected":false},"excerpt":{"rendered":"<p>Les R\u00e9gisseurs Associ\u00e9s S.A. Rue Maunoir 13 CH &#8211; 1207 Gen\u00e8ve See on a map T\u00e9l +41 (0)22 787 50 00 info@regisseurs.ch Our opening hours: Monday to Thursday 8 a.m. \u2013 12 p.m. \/ 2 p.m. \u2013 5:30 p.m. Friday 8 a.m. \u2013 12 p.m. \/ 2 p.m. \u2013 4 p.m.<\/p>\n","protected":false},"author":42,"featured_media":0,"parent":0,"menu_order":0,"comment_status":"closed","ping_status":"closed","template":"page-contact.php","meta":{"_acf_changed":false,"footnotes":""},"class_list":["post-2132","page","type-page","status-publish","hentry"],"acf":[],"yoast_head":"<!-- This site is optimized with the Yoast SEO plugin v26.5 - https:\/\/yoast.com\/wordpress\/plugins\/seo\/ -->\n<title>Contact | Les R\u00e9gisseurs Associ\u00e9s SA<\/title>\n<meta name=\"description\" content=\"A la recherche de notre adresse, d&#039;un emploi ou simplement pour une question, les R\u00e9gisseurs Associ\u00e9s SA sont l\u00e0 pour vous r\u00e9pondre.\" \/>\n<meta name=\"robots\" content=\"index, follow, max-snippet:-1, max-image-preview:large, max-video-preview:-1\" \/>\n<link rel=\"canonical\" href=\"https:\/\/www.regisseurs.ch\/en\/contact\/\" \/>\n<meta property=\"og:locale\" content=\"en_US\" \/>\n<meta property=\"og:type\" content=\"article\" \/>\n<meta property=\"og:title\" content=\"Contact | Les R\u00e9gisseurs Associ\u00e9s SA\" \/>\n<meta property=\"og:description\" content=\"A la recherche de notre adresse, d&#039;un emploi ou simplement pour une question, les R\u00e9gisseurs Associ\u00e9s SA sont l\u00e0 pour vous r\u00e9pondre.\" \/>\n<meta property=\"og:url\" content=\"https:\/\/www.regisseurs.ch\/en\/contact\/\" \/>\n<meta property=\"og:site_name\" content=\"Les R\u00e9gisseurs Associ\u00e9s SA\" \/>\n<meta property=\"article:publisher\" content=\"https:\/\/www.facebook.com\/lesregisseursassociesSA\/\" \/>\n<meta property=\"article:modified_time\" content=\"2024-07-30T15:15:03+00:00\" \/>\n<meta name=\"twitter:card\" content=\"summary_large_image\" \/>\n<meta name=\"twitter:site\" content=\"@regisseurs_ch\" \/>\n<meta name=\"twitter:label1\" content=\"Est. reading time\" \/>\n\t<meta name=\"twitter:data1\" content=\"1 minute\" \/>\n<script type=\"application\/ld+json\" class=\"yoast-schema-graph\">{\"@context\":\"https:\/\/schema.org\",\"@graph\":[{\"@type\":\"WebPage\",\"@id\":\"https:\/\/www.regisseurs.ch\/en\/contact\/\",\"url\":\"https:\/\/www.regisseurs.ch\/en\/contact\/\",\"name\":\"Contact | Les R\u00e9gisseurs Associ\u00e9s SA\",\"isPartOf\":{\"@id\":\"https:\/\/www.regisseurs.ch\/#website\"},\"datePublished\":\"2018-09-03T21:17:35+00:00\",\"dateModified\":\"2024-07-30T15:15:03+00:00\",\"description\":\"A la recherche de notre adresse, d'un emploi ou simplement pour une question, les R\u00e9gisseurs Associ\u00e9s SA sont l\u00e0 pour vous r\u00e9pondre.\",\"breadcrumb\":{\"@id\":\"https:\/\/www.regisseurs.ch\/en\/contact\/#breadcrumb\"},\"inLanguage\":\"en-US\",\"potentialAction\":[{\"@type\":\"ReadAction\",\"target\":[\"https:\/\/www.regisseurs.ch\/en\/contact\/\"]}]},{\"@type\":\"BreadcrumbList\",\"@id\":\"https:\/\/www.regisseurs.ch\/en\/contact\/#breadcrumb\",\"itemListElement\":[{\"@type\":\"ListItem\",\"position\":1,\"name\":\"Accueil\",\"item\":\"https:\/\/www.regisseurs.ch\/en\/\"},{\"@type\":\"ListItem\",\"position\":2,\"name\":\"Contact\"}]},{\"@type\":\"WebSite\",\"@id\":\"https:\/\/www.regisseurs.ch\/#website\",\"url\":\"https:\/\/www.regisseurs.ch\/\",\"name\":\"Les R\u00e9gisseurs Associ\u00e9s SA\",\"description\":\"Associ\u00e9s en toute confiance\",\"publisher\":{\"@id\":\"https:\/\/www.regisseurs.ch\/#organization\"},\"potentialAction\":[{\"@type\":\"SearchAction\",\"target\":{\"@type\":\"EntryPoint\",\"urlTemplate\":\"https:\/\/www.regisseurs.ch\/?s={search_term_string}\"},\"query-input\":{\"@type\":\"PropertyValueSpecification\",\"valueRequired\":true,\"valueName\":\"search_term_string\"}}],\"inLanguage\":\"en-US\"},{\"@type\":\"Organization\",\"@id\":\"https:\/\/www.regisseurs.ch\/#organization\",\"name\":\"Les R\u00e9gisseurs SA\",\"url\":\"https:\/\/www.regisseurs.ch\/\",\"logo\":{\"@type\":\"ImageObject\",\"inLanguage\":\"en-US\",\"@id\":\"https:\/\/www.regisseurs.ch\/#\/schema\/logo\/image\/\",\"url\":\"https:\/\/www.regisseurs.ch\/wp-content\/uploads\/2018\/09\/logo_regisseurs_sa.jpg\",\"contentUrl\":\"https:\/\/www.regisseurs.ch\/wp-content\/uploads\/2018\/09\/logo_regisseurs_sa.jpg\",\"width\":3543,\"height\":1772,\"caption\":\"Les R\u00e9gisseurs SA\"},\"image\":{\"@id\":\"https:\/\/www.regisseurs.ch\/#\/schema\/logo\/image\/\"},\"sameAs\":[\"https:\/\/www.facebook.com\/lesregisseursassociesSA\/\",\"https:\/\/x.com\/regisseurs_ch\",\"https:\/\/www.instagram.com\/regisseurs.ch\/\",\"https:\/\/www.linkedin.com\/company\/lesregisseursassocies\/\",\"https:\/\/www.youtube.com\/watch?v=0DmCN15nv_o&amp;amp;t=1s\"]}]}<\/script>\n<!-- \/ Yoast SEO plugin. -->","yoast_head_json":{"title":"Contact | Les R\u00e9gisseurs Associ\u00e9s SA","description":"A la recherche de notre adresse, d'un emploi ou simplement pour une question, les R\u00e9gisseurs Associ\u00e9s SA sont l\u00e0 pour vous r\u00e9pondre.","robots":{"index":"index","follow":"follow","max-snippet":"max-snippet:-1","max-image-preview":"max-image-preview:large","max-video-preview":"max-video-preview:-1"},"canonical":"https:\/\/www.regisseurs.ch\/en\/contact\/","og_locale":"en_US","og_type":"article","og_title":"Contact | Les R\u00e9gisseurs Associ\u00e9s SA","og_description":"A la recherche de notre adresse, d'un emploi ou simplement pour une question, les R\u00e9gisseurs Associ\u00e9s SA sont l\u00e0 pour vous r\u00e9pondre.","og_url":"https:\/\/www.regisseurs.ch\/en\/contact\/","og_site_name":"Les R\u00e9gisseurs Associ\u00e9s SA","article_publisher":"https:\/\/www.facebook.com\/lesregisseursassociesSA\/","article_modified_time":"2024-07-30T15:15:03+00:00","twitter_card":"summary_large_image","twitter_site":"@regisseurs_ch","twitter_misc":{"Est. reading time":"1 minute"},"schema":{"@context":"https:\/\/schema.org","@graph":[{"@type":"WebPage","@id":"https:\/\/www.regisseurs.ch\/en\/contact\/","url":"https:\/\/www.regisseurs.ch\/en\/contact\/","name":"Contact | Les R\u00e9gisseurs Associ\u00e9s SA","isPartOf":{"@id":"https:\/\/www.regisseurs.ch\/#website"},"datePublished":"2018-09-03T21:17:35+00:00","dateModified":"2024-07-30T15:15:03+00:00","description":"A la recherche de notre adresse, d'un emploi ou simplement pour une question, les R\u00e9gisseurs Associ\u00e9s SA sont l\u00e0 pour vous r\u00e9pondre.","breadcrumb":{"@id":"https:\/\/www.regisseurs.ch\/en\/contact\/#breadcrumb"},"inLanguage":"en-US","potentialAction":[{"@type":"ReadAction","target":["https:\/\/www.regisseurs.ch\/en\/contact\/"]}]},{"@type":"BreadcrumbList","@id":"https:\/\/www.regisseurs.ch\/en\/contact\/#breadcrumb","itemListElement":[{"@type":"ListItem","position":1,"name":"Accueil","item":"https:\/\/www.regisseurs.ch\/en\/"},{"@type":"ListItem","position":2,"name":"Contact"}]},{"@type":"WebSite","@id":"https:\/\/www.regisseurs.ch\/#website","url":"https:\/\/www.regisseurs.ch\/","name":"Les R\u00e9gisseurs Associ\u00e9s SA","description":"Associ\u00e9s en toute confiance","publisher":{"@id":"https:\/\/www.regisseurs.ch\/#organization"},"potentialAction":[{"@type":"SearchAction","target":{"@type":"EntryPoint","urlTemplate":"https:\/\/www.regisseurs.ch\/?s={search_term_string}"},"query-input":{"@type":"PropertyValueSpecification","valueRequired":true,"valueName":"search_term_string"}}],"inLanguage":"en-US"},{"@type":"Organization","@id":"https:\/\/www.regisseurs.ch\/#organization","name":"Les R\u00e9gisseurs SA","url":"https:\/\/www.regisseurs.ch\/","logo":{"@type":"ImageObject","inLanguage":"en-US","@id":"https:\/\/www.regisseurs.ch\/#\/schema\/logo\/image\/","url":"https:\/\/www.regisseurs.ch\/wp-content\/uploads\/2018\/09\/logo_regisseurs_sa.jpg","contentUrl":"https:\/\/www.regisseurs.ch\/wp-content\/uploads\/2018\/09\/logo_regisseurs_sa.jpg","width":3543,"height":1772,"caption":"Les R\u00e9gisseurs SA"},"image":{"@id":"https:\/\/www.regisseurs.ch\/#\/schema\/logo\/image\/"},"sameAs":["https:\/\/www.facebook.com\/lesregisseursassociesSA\/","https:\/\/x.com\/regisseurs_ch","https:\/\/www.instagram.com\/regisseurs.ch\/","https:\/\/www.linkedin.com\/company\/lesregisseursassocies\/","https:\/\/www.youtube.com\/watch?v=0DmCN15nv_o&amp;amp;t=1s"]}]}},"_links":{"self":[{"href":"https:\/\/www.regisseurs.ch\/en\/wp-json\/wp\/v2\/pages\/2132","targetHints":{"allow":["GET"]}}],"collection":[{"href":"https:\/\/www.regisseurs.ch\/en\/wp-json\/wp\/v2\/pages"}],"about":[{"href":"https:\/\/www.regisseurs.ch\/en\/wp-json\/wp\/v2\/types\/page"}],"author":[{"embeddable":true,"href":"https:\/\/www.regisseurs.ch\/en\/wp-json\/wp\/v2\/users\/42"}],"replies":[{"embeddable":true,"href":"https:\/\/www.regisseurs.ch\/en\/wp-json\/wp\/v2\/comments?post=2132"}],"version-history":[{"count":9,"href":"https:\/\/www.regisseurs.ch\/en\/wp-json\/wp\/v2\/pages\/2132\/revisions"}],"predecessor-version":[{"id":200861,"href":"https:\/\/www.regisseurs.ch\/en\/wp-json\/wp\/v2\/pages\/2132\/revisions\/200861"}],"wp:attachment":[{"href":"https:\/\/www.regisseurs.ch\/en\/wp-json\/wp\/v2\/media?parent=2132"}],"curies":[{"name":"wp","href":"https:\/\/api.w.org\/{rel}","templated":true}]}}