{"id":2091,"date":"2018-09-09T14:42:46","date_gmt":"2018-09-09T12:42:46","guid":{"rendered":"https:\/\/www.regisseurs.ch\/accueil\/"},"modified":"2024-07-30T17:16:28","modified_gmt":"2024-07-30T15:16:28","slug":"home","status":"publish","type":"page","link":"https:\/\/www.regisseurs.ch\/en\/","title":{"rendered":"Home"},"content":{"rendered":"","protected":false},"excerpt":{"rendered":"","protected":false},"author":1,"featured_media":0,"parent":0,"menu_order":0,"comment_status":"closed","ping_status":"closed","template":"page-home.php","meta":{"_acf_changed":false,"footnotes":""},"class_list":["post-2091","page","type-page","status-publish","hentry"],"acf":[],"yoast_head":"<!-- This site is optimized with the Yoast SEO plugin v26.5 - https:\/\/yoast.com\/wordpress\/plugins\/seo\/ -->\n<title>Home | Les R\u00e9gisseurs Associ\u00e9s SA<\/title>\n<meta name=\"description\" content=\"Les R\u00e9gisseurs Associ\u00e9s SA is a team of professionals dedicated to excellence in real estate, with a personal and passionate approach.\" \/>\n<meta name=\"robots\" content=\"index, follow, max-snippet:-1, max-image-preview:large, max-video-preview:-1\" \/>\n<link rel=\"canonical\" href=\"https:\/\/www.regisseurs.ch\/en\/\" \/>\n<meta property=\"og:locale\" content=\"en_US\" \/>\n<meta property=\"og:type\" content=\"article\" \/>\n<meta property=\"og:title\" content=\"Home | Les R\u00e9gisseurs Associ\u00e9s SA\" \/>\n<meta property=\"og:description\" content=\"Les R\u00e9gisseurs Associ\u00e9s SA is a team of professionals dedicated to excellence in real estate, with a personal and passionate approach.\" \/>\n<meta property=\"og:url\" content=\"https:\/\/www.regisseurs.ch\/en\/\" \/>\n<meta property=\"og:site_name\" content=\"Les R\u00e9gisseurs Associ\u00e9s SA\" \/>\n<meta property=\"article:publisher\" content=\"https:\/\/www.facebook.com\/lesregisseursassociesSA\/\" \/>\n<meta property=\"article:modified_time\" content=\"2024-07-30T15:16:28+00:00\" \/>\n<meta property=\"og:image\" content=\"https:\/\/www.regisseurs.ch\/wp-content\/uploads\/2018\/10\/regisseurs_expertise_immobilier.jpg\" \/>\n<meta name=\"twitter:card\" content=\"summary_large_image\" \/>\n<meta name=\"twitter:image\" content=\"https:\/\/www.regisseurs.ch\/wp-content\/uploads\/2018\/10\/regisseurs_expertise_immobilier.jpg\" \/>\n<meta name=\"twitter:site\" content=\"@regisseurs_ch\" \/>\n<script type=\"application\/ld+json\" class=\"yoast-schema-graph\">{\"@context\":\"https:\/\/schema.org\",\"@graph\":[{\"@type\":\"WebPage\",\"@id\":\"https:\/\/www.regisseurs.ch\/en\/\",\"url\":\"https:\/\/www.regisseurs.ch\/en\/\",\"name\":\"Home | Les R\u00e9gisseurs Associ\u00e9s SA\",\"isPartOf\":{\"@id\":\"https:\/\/www.regisseurs.ch\/#website\"},\"datePublished\":\"2018-09-09T12:42:46+00:00\",\"dateModified\":\"2024-07-30T15:16:28+00:00\",\"description\":\"Les R\u00e9gisseurs Associ\u00e9s SA is a team of professionals dedicated to excellence in real estate, with a personal and passionate approach.\",\"breadcrumb\":{\"@id\":\"https:\/\/www.regisseurs.ch\/en\/#breadcrumb\"},\"inLanguage\":\"en-US\",\"potentialAction\":[{\"@type\":\"ReadAction\",\"target\":[\"https:\/\/www.regisseurs.ch\/en\/\"]}]},{\"@type\":\"BreadcrumbList\",\"@id\":\"https:\/\/www.regisseurs.ch\/en\/#breadcrumb\",\"itemListElement\":[{\"@type\":\"ListItem\",\"position\":1,\"name\":\"Accueil\",\"item\":\"https:\/\/www.regisseurs.ch\/en\/\"},{\"@type\":\"ListItem\",\"position\":2,\"name\":\"Home\"}]},{\"@type\":\"WebSite\",\"@id\":\"https:\/\/www.regisseurs.ch\/#website\",\"url\":\"https:\/\/www.regisseurs.ch\/\",\"name\":\"Les R\u00e9gisseurs Associ\u00e9s SA\",\"description\":\"Associ\u00e9s en toute confiance\",\"publisher\":{\"@id\":\"https:\/\/www.regisseurs.ch\/#organization\"},\"potentialAction\":[{\"@type\":\"SearchAction\",\"target\":{\"@type\":\"EntryPoint\",\"urlTemplate\":\"https:\/\/www.regisseurs.ch\/?s={search_term_string}\"},\"query-input\":{\"@type\":\"PropertyValueSpecification\",\"valueRequired\":true,\"valueName\":\"search_term_string\"}}],\"inLanguage\":\"en-US\"},{\"@type\":\"Organization\",\"@id\":\"https:\/\/www.regisseurs.ch\/#organization\",\"name\":\"Les R\u00e9gisseurs SA\",\"url\":\"https:\/\/www.regisseurs.ch\/\",\"logo\":{\"@type\":\"ImageObject\",\"inLanguage\":\"en-US\",\"@id\":\"https:\/\/www.regisseurs.ch\/#\/schema\/logo\/image\/\",\"url\":\"https:\/\/www.regisseurs.ch\/wp-content\/uploads\/2018\/09\/logo_regisseurs_sa.jpg\",\"contentUrl\":\"https:\/\/www.regisseurs.ch\/wp-content\/uploads\/2018\/09\/logo_regisseurs_sa.jpg\",\"width\":3543,\"height\":1772,\"caption\":\"Les R\u00e9gisseurs SA\"},\"image\":{\"@id\":\"https:\/\/www.regisseurs.ch\/#\/schema\/logo\/image\/\"},\"sameAs\":[\"https:\/\/www.facebook.com\/lesregisseursassociesSA\/\",\"https:\/\/x.com\/regisseurs_ch\",\"https:\/\/www.instagram.com\/regisseurs.ch\/\",\"https:\/\/www.linkedin.com\/company\/lesregisseursassocies\/\",\"https:\/\/www.youtube.com\/watch?v=0DmCN15nv_o&amp;amp;t=1s\"]}]}<\/script>\n<!-- \/ Yoast SEO plugin. -->","yoast_head_json":{"title":"Home | Les R\u00e9gisseurs Associ\u00e9s SA","description":"Les R\u00e9gisseurs Associ\u00e9s SA is a team of professionals dedicated to excellence in real estate, with a personal and passionate approach.","robots":{"index":"index","follow":"follow","max-snippet":"max-snippet:-1","max-image-preview":"max-image-preview:large","max-video-preview":"max-video-preview:-1"},"canonical":"https:\/\/www.regisseurs.ch\/en\/","og_locale":"en_US","og_type":"article","og_title":"Home | Les R\u00e9gisseurs Associ\u00e9s SA","og_description":"Les R\u00e9gisseurs Associ\u00e9s SA is a team of professionals dedicated to excellence in real estate, with a personal and passionate approach.","og_url":"https:\/\/www.regisseurs.ch\/en\/","og_site_name":"Les R\u00e9gisseurs Associ\u00e9s SA","article_publisher":"https:\/\/www.facebook.com\/lesregisseursassociesSA\/","article_modified_time":"2024-07-30T15:16:28+00:00","og_image":[{"url":"https:\/\/www.regisseurs.ch\/wp-content\/uploads\/2018\/10\/regisseurs_expertise_immobilier.jpg","type":"","width":"","height":""}],"twitter_card":"summary_large_image","twitter_image":"https:\/\/www.regisseurs.ch\/wp-content\/uploads\/2018\/10\/regisseurs_expertise_immobilier.jpg","twitter_site":"@regisseurs_ch","schema":{"@context":"https:\/\/schema.org","@graph":[{"@type":"WebPage","@id":"https:\/\/www.regisseurs.ch\/en\/","url":"https:\/\/www.regisseurs.ch\/en\/","name":"Home | Les R\u00e9gisseurs Associ\u00e9s SA","isPartOf":{"@id":"https:\/\/www.regisseurs.ch\/#website"},"datePublished":"2018-09-09T12:42:46+00:00","dateModified":"2024-07-30T15:16:28+00:00","description":"Les R\u00e9gisseurs Associ\u00e9s SA is a team of professionals dedicated to excellence in real estate, with a personal and passionate approach.","breadcrumb":{"@id":"https:\/\/www.regisseurs.ch\/en\/#breadcrumb"},"inLanguage":"en-US","potentialAction":[{"@type":"ReadAction","target":["https:\/\/www.regisseurs.ch\/en\/"]}]},{"@type":"BreadcrumbList","@id":"https:\/\/www.regisseurs.ch\/en\/#breadcrumb","itemListElement":[{"@type":"ListItem","position":1,"name":"Accueil","item":"https:\/\/www.regisseurs.ch\/en\/"},{"@type":"ListItem","position":2,"name":"Home"}]},{"@type":"WebSite","@id":"https:\/\/www.regisseurs.ch\/#website","url":"https:\/\/www.regisseurs.ch\/","name":"Les R\u00e9gisseurs Associ\u00e9s SA","description":"Associ\u00e9s en toute confiance","publisher":{"@id":"https:\/\/www.regisseurs.ch\/#organization"},"potentialAction":[{"@type":"SearchAction","target":{"@type":"EntryPoint","urlTemplate":"https:\/\/www.regisseurs.ch\/?s={search_term_string}"},"query-input":{"@type":"PropertyValueSpecification","valueRequired":true,"valueName":"search_term_string"}}],"inLanguage":"en-US"},{"@type":"Organization","@id":"https:\/\/www.regisseurs.ch\/#organization","name":"Les R\u00e9gisseurs SA","url":"https:\/\/www.regisseurs.ch\/","logo":{"@type":"ImageObject","inLanguage":"en-US","@id":"https:\/\/www.regisseurs.ch\/#\/schema\/logo\/image\/","url":"https:\/\/www.regisseurs.ch\/wp-content\/uploads\/2018\/09\/logo_regisseurs_sa.jpg","contentUrl":"https:\/\/www.regisseurs.ch\/wp-content\/uploads\/2018\/09\/logo_regisseurs_sa.jpg","width":3543,"height":1772,"caption":"Les R\u00e9gisseurs SA"},"image":{"@id":"https:\/\/www.regisseurs.ch\/#\/schema\/logo\/image\/"},"sameAs":["https:\/\/www.facebook.com\/lesregisseursassociesSA\/","https:\/\/x.com\/regisseurs_ch","https:\/\/www.instagram.com\/regisseurs.ch\/","https:\/\/www.linkedin.com\/company\/lesregisseursassocies\/","https:\/\/www.youtube.com\/watch?v=0DmCN15nv_o&amp;amp;t=1s"]}]}},"_links":{"self":[{"href":"https:\/\/www.regisseurs.ch\/en\/wp-json\/wp\/v2\/pages\/2091","targetHints":{"allow":["GET"]}}],"collection":[{"href":"https:\/\/www.regisseurs.ch\/en\/wp-json\/wp\/v2\/pages"}],"about":[{"href":"https:\/\/www.regisseurs.ch\/en\/wp-json\/wp\/v2\/types\/page"}],"author":[{"embeddable":true,"href":"https:\/\/www.regisseurs.ch\/en\/wp-json\/wp\/v2\/users\/1"}],"replies":[{"embeddable":true,"href":"https:\/\/www.regisseurs.ch\/en\/wp-json\/wp\/v2\/comments?post=2091"}],"version-history":[{"count":56,"href":"https:\/\/www.regisseurs.ch\/en\/wp-json\/wp\/v2\/pages\/2091\/revisions"}],"predecessor-version":[{"id":200862,"href":"https:\/\/www.regisseurs.ch\/en\/wp-json\/wp\/v2\/pages\/2091\/revisions\/200862"}],"wp:attachment":[{"href":"https:\/\/www.regisseurs.ch\/en\/wp-json\/wp\/v2\/media?parent=2091"}],"curies":[{"name":"wp","href":"https:\/\/api.w.org\/{rel}","templated":true}]}}